{"id":36,"date":"2022-09-24T13:02:03","date_gmt":"2022-09-24T13:02:03","guid":{"rendered":"https:\/\/mfi-ev.de\/?page_id=36"},"modified":"2025-04-18T08:40:20","modified_gmt":"2025-04-18T08:40:20","slug":"ueber-uns","status":"publish","type":"page","link":"https:\/\/mfi-ev.de\/en\/ueber-uns\/","title":{"rendered":"About us"},"content":{"rendered":"<ul>\n<li><a href=\"#\"><br \/>\n\u00dcber uns<br \/>\n<\/a><\/li>\n<\/ul>\n<style>\/*! elementor - v3.8.0 - 30-10-2022 *\/<br \/>\n.elementor-column .elementor-spacer-inner{height:var(--spacer-size)}.e-con{--container-widget-width:100%}.e-con-inner>.elementor-widget-spacer,.e-con>.elementor-widget-spacer{width:var(--container-widget-width,var(--spacer-size));-ms-flex-item-align:stretch;align-self:stretch;-ms-flex-negative:0;flex-shrink:0}.e-con-inner>.elementor-widget-spacer>.elementor-widget-container,.e-con-inner>.elementor-widget-spacer>.elementor-widget-container>.elementor-spacer,.e-con>.elementor-widget-spacer>.elementor-widget-container,.e-con>.elementor-widget-spacer>.elementor-widget-container>.elementor-spacer{height:100%}.e-con-inner>.elementor-widget-spacer>.elementor-widget-container>.elementor-spacer>.elementor-spacer-inner,.e-con>.elementor-widget-spacer>.elementor-widget-container>.elementor-spacer>.elementor-spacer-inner{height:var(--container-widget-height,var(--spacer-size))}<\/style>\n<style>\/*! elementor - v3.8.0 - 30-10-2022 *\/<br \/>\n.elementor-widget-image{text-align:center}.elementor-widget-image a{display:inline-block}.elementor-widget-image a img[src$=\".svg\"]{width:48px}.elementor-widget-image img{vertical-align:middle;display:inline-block}<\/style>\n<p><img decoding=\"async\" src=\"https:\/\/mfi-ev.de\/wp-content\/uploads\/2022\/10\/Michael_Faraday-1.png\" alt=\"\" width=\"133\" height=\"175\" \/><br \/>\n<a role=\"button\" href=\"https:\/\/mfi-ev.de\/kontakt\"><br \/>\nKontakt<br \/>\n<\/a><\/p>\n<style>\/*! elementor - v3.8.0 - 30-10-2022 *\/<br \/>\n.elementor-heading-title{padding:0;margin:0;line-height:1}.elementor-widget-heading .elementor-heading-title[class*=elementor-size-]>a{color:inherit;font-size:inherit;line-height:inherit}.elementor-widget-heading .elementor-heading-title.elementor-size-small{font-size:15px}.elementor-widget-heading .elementor-heading-title.elementor-size-medium{font-size:19px}.elementor-widget-heading .elementor-heading-title.elementor-size-large{font-size:29px}.elementor-widget-heading .elementor-heading-title.elementor-size-xl{font-size:39px}.elementor-widget-heading .elementor-heading-title.elementor-size-xxl{font-size:59px}<\/style>\n<h2>Wann wurde der MFI gegr\u00fcndet?<\/h2>\n<style>\/*! elementor - v3.8.0 - 30-10-2022 *\/<br \/>\n.elementor-widget-divider{--divider-border-style:none;--divider-border-width:1px;--divider-color:#2c2c2c;--divider-icon-size:20px;--divider-element-spacing:10px;--divider-pattern-height:24px;--divider-pattern-size:20px;--divider-pattern-url:none;--divider-pattern-repeat:repeat-x}.elementor-widget-divider .elementor-divider{display:-webkit-box;display:-ms-flexbox;display:flex}.elementor-widget-divider .elementor-divider__text{font-size:15px;line-height:1;max-width:95%}.elementor-widget-divider .elementor-divider__element{margin:0 var(--divider-element-spacing);-ms-flex-negative:0;flex-shrink:0}.elementor-widget-divider .elementor-icon{font-size:var(--divider-icon-size)}.elementor-widget-divider .elementor-divider-separator{display:-webkit-box;display:-ms-flexbox;display:flex;margin:0;direction:ltr}.elementor-widget-divider--view-line_icon .elementor-divider-separator,.elementor-widget-divider--view-line_text .elementor-divider-separator{-webkit-box-align:center;-ms-flex-align:center;align-items:center}.elementor-widget-divider--view-line_icon .elementor-divider-separator:after,.elementor-widget-divider--view-line_icon .elementor-divider-separator:before,.elementor-widget-divider--view-line_text .elementor-divider-separator:after,.elementor-widget-divider--view-line_text .elementor-divider-separator:before{display:block;content:\"\";border-bottom:0;-webkit-box-flex:1;-ms-flex-positive:1;flex-grow:1;border-top:var(--divider-border-width) var(--divider-border-style) var(--divider-color)}.elementor-widget-divider--element-align-left .elementor-divider .elementor-divider-separator>.elementor-divider__svg:first-of-type{-webkit-box-flex:0;-ms-flex-positive:0;flex-grow:0;-ms-flex-negative:100;flex-shrink:100}.elementor-widget-divider--element-align-left .elementor-divider-separator:before{content:none}.elementor-widget-divider--element-align-left .elementor-divider__element{margin-left:0}.elementor-widget-divider--element-align-right .elementor-divider .elementor-divider-separator>.elementor-divider__svg:last-of-type{-webkit-box-flex:0;-ms-flex-positive:0;flex-grow:0;-ms-flex-negative:100;flex-shrink:100}.elementor-widget-divider--element-align-right .elementor-divider-separator:after{content:none}.elementor-widget-divider--element-align-right .elementor-divider__element{margin-right:0}.elementor-widget-divider:not(.elementor-widget-divider--view-line_text):not(.elementor-widget-divider--view-line_icon) .elementor-divider-separator{border-top:var(--divider-border-width) var(--divider-border-style) var(--divider-color)}.elementor-widget-divider--separator-type-pattern{--divider-border-style:none}.elementor-widget-divider--separator-type-pattern.elementor-widget-divider--view-line .elementor-divider-separator,.elementor-widget-divider--separator-type-pattern:not(.elementor-widget-divider--view-line) .elementor-divider-separator:after,.elementor-widget-divider--separator-type-pattern:not(.elementor-widget-divider--view-line) .elementor-divider-separator:before,.elementor-widget-divider--separator-type-pattern:not([class*=elementor-widget-divider--view]) .elementor-divider-separator{width:100%;min-height:var(--divider-pattern-height);-webkit-mask-size:var(--divider-pattern-size) 100%;mask-size:var(--divider-pattern-size) 100%;-webkit-mask-repeat:var(--divider-pattern-repeat);mask-repeat:var(--divider-pattern-repeat);background-color:var(--divider-color);-webkit-mask-image:var(--divider-pattern-url);mask-image:var(--divider-pattern-url)}.elementor-widget-divider--no-spacing{--divider-pattern-size:auto}.elementor-widget-divider--bg-round{--divider-pattern-repeat:round}.rtl .elementor-widget-divider .elementor-divider__text{direction:rtl}.e-con-inner>.elementor-widget-divider,.e-con>.elementor-widget-divider{width:var(--container-widget-width,100%)}<\/style>\n<p>Der Michael Faraday Institution e.V. wurde 1992 im Jubil\u00e4umsjahr des 200. Geburtstags von Michael Faraday gegr\u00fcndet.<\/p>\n<h2>Was ist der MFI?<\/h2>\n<p>Der Michael Faraday Institution e.V. ist ein eingetragener Verein mit Sitz in M\u00fcnchen. Der Verein ist nach dem letzten ihm zugestellten Steuerbescheid (&#8222;Freistellungsbescheid&#8220;) des Finanzamtes M\u00fcnchen f\u00fcr K\u00f6rperschaften vom 4.08.2009, Steuer-Nr.\u00a0143\/219\/20102\u00a0wegen F\u00f6rderung der Bildung zu gemeinn\u00fctzigen Zwecken dienend anerkannt und nach \u00a75 Abs. 1 Nr. 9 KStG von der K\u00f6rperschaftsteuer befreit.<\/p>\n<h2>Unsere Vision<\/h2>\n<p>Der Verein hat es sich zum Ziel gesetzt, Ingenieurwissenschaften, vornehmlich die der Elektrotechnik und\u00a0 Elektronik, sowie deren jeweilige Anwendung innerhalb Deutschlands zu unterst\u00fctzen. Dies geschieht durch Austausch von Erfahrungen und Ideen, insbesondere durch Seminare, wissenschaftliche und technische Veranstaltungen, Besuche an Anlagen von technischer Bedeutung und das Veranstalten von eigenen Ausstellungen mit technisch interessanten Themen. Jeder ist herzlich willkommen.<\/p>\n<h2>Unsere Mission<\/h2>\n<p>Die Michael Faraday Institution wurde gegr\u00fcndet, um Mitglieder der britischen Institution of Electrical Engineers, sp\u00e4ter der Institution of Engineering and Technology, zu unterst\u00fctzen. Als die IET nicht mehr in der Lage war, j\u00e4hrliche Treffen in Deutschland zu unterst\u00fctzen, \u00fcbernahm die MFI diese Aufgabe. Unser Ziel ist es, ein englischsprachiges Umfeld zu schaffen, um in Deutschland ans\u00e4ssige Ingenieure zu unterst\u00fctzen und zu f\u00f6rdern und Freundschaften zu entwickeln.<\/p>\n<h2>Warum tr\u00e4gt der Verein den Namen Michael Faraday?<\/h2>\n<p>In vielerlei Hinsicht war er der urspr\u00fcngliche Elektroingenieur: Obwohl er nur eine Grundausbildung genoss und in der Sonntagsschule Lesen und Schreiben lernte, \u00e4nderte sich Faradays Leben, nachdem er eine Eintrittskarte f\u00fcr die Vorlesungen eines der f\u00fchrenden Wissenschaftler seiner Zeit, Sir Humphry Davy, an der Royal Institution erhalten hatte. Er schrieb den Inhalt der Vorlesung sorgf\u00e4ltig auf und legte Davy eine gebundene Kopie vor, woraufhin er von Davy als Assistent eingestellt wurde. Er wurde schlie\u00dflich Professor auf Lebenszeit an der Royal Institution.<\/p>\n<p>Sein gr\u00f6\u00dftes Werk war jedoch die Elektrizit\u00e4t. Faraday entwickelte die elektromagnetische Induktion. Er wies auch nach, dass sich die Ladung nur auf der Au\u00dfenseite eines geladenen Leiters befindet und dass die \u00e4u\u00dfere Ladung keinen Einfluss auf etwas hat, das in einem Leiter eingeschlossen ist; dieser Abschirmeffekt wird im Faradayschen K\u00e4fig genutzt.<\/p>\n<p>In einer von Klassenunterschieden gepr\u00e4gten Gesellschaft galt Faraday als Mitglied der Arbeiterklasse und als jemand, mit dem man sich gesellschaftlich nicht abgeben wollte. Dennoch erhielt er eine Audienz bei K\u00f6nigin Victoria. Er war der Begr\u00fcnder der beliebten Weihnachtsvorlesungen der Royal Institution. Die Einheit der Kapazit\u00e4t, das Farad, ist nach ihm benannt; sein Bild wurde auf britische \u00a320-Banknoten gedruckt.<\/p>\n<h2>Kontakt<\/h2>\n<ul>\n<li><b>Michael Faraday Institution e.V<\/b><br \/>\nc\/o Paul Cullen<br \/>\nNeufriedenheimerstrasse 47a,<br \/>\n81375 M\u00fcnchen;<\/li>\n<li>+49 (0) 1522 9390784<\/li>\n<li>info@mfi-ev.de<\/li>\n<\/ul>\n<h2>Links<\/h2>\n<ul>\n<li><a href=\"https:\/\/mfi-ev.de\/kontakt\/\"><br \/>\nKontakt<br \/>\n<\/a><\/li>\n<li><a href=\"https:\/\/mfi-ev.de\/datenschutz\/\"><br \/>\nDatenschutz<br \/>\n<\/a><\/li>\n<li><a href=\"https:\/\/mfi-ev.de\/impressum\/\"><br \/>\nImpressum<br \/>\n<\/a><\/li>\n<\/ul>\n<h2>Michael Faraday Institution e.V (MFI)<\/h2>\n<p><a role=\"button\" href=\"https:\/\/mfi-ev.de\/kontakt\"><br \/>\nKontakt<br \/>\n<\/a><\/p>\n<p>\u00a9 2022 Michael Faraday Institution e.V. (MFI).\u00a0All rights reserved.<\/p>\n<p>Follow us<\/p>\n<style>\/*! elementor - v3.8.0 - 30-10-2022 *\/<br \/>\n.elementor-widget-social-icons.elementor-grid-0 .elementor-widget-container,.elementor-widget-social-icons.elementor-grid-mobile-0 .elementor-widget-container,.elementor-widget-social-icons.elementor-grid-tablet-0 .elementor-widget-container{line-height:1;font-size:0}.elementor-widget-social-icons:not(.elementor-grid-0):not(.elementor-grid-tablet-0):not(.elementor-grid-mobile-0) .elementor-grid{display:inline-grid}.elementor-widget-social-icons .elementor-grid{grid-column-gap:var(--grid-column-gap,5px);grid-row-gap:var(--grid-row-gap,5px);grid-template-columns:var(--grid-template-columns);-webkit-box-pack:var(--justify-content,center);-ms-flex-pack:var(--justify-content,center);justify-content:var(--justify-content,center);justify-items:var(--justify-content,center)}.elementor-icon.elementor-social-icon{font-size:var(--icon-size,25px);line-height:var(--icon-size,25px);width:calc(var(--icon-size, 25px) + (2 * var(--icon-padding, .5em)));height:calc(var(--icon-size, 25px) + (2 * var(--icon-padding, .5em)))}.elementor-social-icon{--e-social-icon-icon-color:#fff;display:-webkit-inline-box;display:-ms-inline-flexbox;display:inline-flex;background-color:#818a91;-webkit-box-align:center;-ms-flex-align:center;align-items:center;-webkit-box-pack:center;-ms-flex-pack:center;justify-content:center;text-align:center;cursor:pointer}.elementor-social-icon i{color:var(--e-social-icon-icon-color)}.elementor-social-icon svg{fill:var(--e-social-icon-icon-color)}.elementor-social-icon:last-child{margin:0}.elementor-social-icon:hover{opacity:.9;color:#fff}.elementor-social-icon-android{background-color:#a4c639}.elementor-social-icon-apple{background-color:#999}.elementor-social-icon-behance{background-color:#1769ff}.elementor-social-icon-bitbucket{background-color:#205081}.elementor-social-icon-codepen{background-color:#000}.elementor-social-icon-delicious{background-color:#39f}.elementor-social-icon-deviantart{background-color:#05cc47}.elementor-social-icon-digg{background-color:#005be2}.elementor-social-icon-dribbble{background-color:#ea4c89}.elementor-social-icon-elementor{background-color:#d30c5c}.elementor-social-icon-envelope{background-color:#ea4335}.elementor-social-icon-facebook,.elementor-social-icon-facebook-f{background-color:#3b5998}.elementor-social-icon-flickr{background-color:#0063dc}.elementor-social-icon-foursquare{background-color:#2d5be3}.elementor-social-icon-free-code-camp,.elementor-social-icon-freecodecamp{background-color:#006400}.elementor-social-icon-github{background-color:#333}.elementor-social-icon-gitlab{background-color:#e24329}.elementor-social-icon-globe{background-color:#818a91}.elementor-social-icon-google-plus,.elementor-social-icon-google-plus-g{background-color:#dd4b39}.elementor-social-icon-houzz{background-color:#7ac142}.elementor-social-icon-instagram{background-color:#262626}.elementor-social-icon-jsfiddle{background-color:#487aa2}.elementor-social-icon-link{background-color:#818a91}.elementor-social-icon-linkedin,.elementor-social-icon-linkedin-in{background-color:#0077b5}.elementor-social-icon-medium{background-color:#00ab6b}.elementor-social-icon-meetup{background-color:#ec1c40}.elementor-social-icon-mixcloud{background-color:#273a4b}.elementor-social-icon-odnoklassniki{background-color:#f4731c}.elementor-social-icon-pinterest{background-color:#bd081c}.elementor-social-icon-product-hunt{background-color:#da552f}.elementor-social-icon-reddit{background-color:#ff4500}.elementor-social-icon-rss{background-color:#f26522}.elementor-social-icon-shopping-cart{background-color:#4caf50}.elementor-social-icon-skype{background-color:#00aff0}.elementor-social-icon-slideshare{background-color:#0077b5}.elementor-social-icon-snapchat{background-color:#fffc00}.elementor-social-icon-soundcloud{background-color:#f80}.elementor-social-icon-spotify{background-color:#2ebd59}.elementor-social-icon-stack-overflow{background-color:#fe7a15}.elementor-social-icon-steam{background-color:#00adee}.elementor-social-icon-stumbleupon{background-color:#eb4924}.elementor-social-icon-telegram{background-color:#2ca5e0}.elementor-social-icon-thumb-tack{background-color:#1aa1d8}.elementor-social-icon-tripadvisor{background-color:#589442}.elementor-social-icon-tumblr{background-color:#35465c}.elementor-social-icon-twitch{background-color:#6441a5}.elementor-social-icon-twitter{background-color:#1da1f2}.elementor-social-icon-viber{background-color:#665cac}.elementor-social-icon-vimeo{background-color:#1ab7ea}.elementor-social-icon-vk{background-color:#45668e}.elementor-social-icon-weibo{background-color:#dd2430}.elementor-social-icon-weixin{background-color:#31a918}.elementor-social-icon-whatsapp{background-color:#25d366}.elementor-social-icon-wordpress{background-color:#21759b}.elementor-social-icon-xing{background-color:#026466}.elementor-social-icon-yelp{background-color:#af0606}.elementor-social-icon-youtube{background-color:#cd201f}.elementor-social-icon-500px{background-color:#0099e5}.elementor-shape-rounded .elementor-icon.elementor-social-icon{border-radius:10%}.elementor-shape-circle .elementor-icon.elementor-social-icon{border-radius:50%}<\/style>\n<p><a href=\"https:\/\/www.linkedin.com\/company\/michael-faraday-institution-e-v\/\" target=\"_blank\" rel=\"noopener\"><br \/>\nLinkedin-in<br \/>\n<\/a><\/p>\n<ul>\n<li><a href=\"https:\/\/mfi-ev.de\/datenschutz\/\"><br \/>\nDatenschutz<br \/>\n<\/a><\/li>\n<li><a href=\"https:\/\/mfi-ev.de\/impressum\/\"><br \/>\nImpressum<br \/>\n<\/a><\/li>\n<li><a href=\"https:\/\/mfi-ev.de\/kontakt\/\"><br \/>\nKontakt<br \/>\n<\/a><\/li>\n<\/ul>\n","protected":false},"excerpt":{"rendered":"<p>\u00dcber uns Kontakt Wann wurde der MFI gegr\u00fcndet? Der Michael Faraday Institution e.V. wurde 1992 im Jubil\u00e4umsjahr des 200. Geburtstags von Michael Faraday gegr\u00fcndet. Was ist der MFI? Der Michael Faraday Institution e.V. ist ein eingetragener Verein mit Sitz in M\u00fcnchen. Der Verein ist nach dem letzten ihm zugestellten Steuerbescheid (&#8222;Freistellungsbescheid&#8220;) des Finanzamtes M\u00fcnchen f\u00fcr [&hellip;]<\/p>\n","protected":false},"author":1,"featured_media":0,"parent":0,"menu_order":0,"comment_status":"closed","ping_status":"closed","template":"","meta":{"footnotes":""},"class_list":["post-36","page","type-page","status-publish","hentry","post"],"_links":{"self":[{"href":"https:\/\/mfi-ev.de\/en\/wp-json\/wp\/v2\/pages\/36","targetHints":{"allow":["GET"]}}],"collection":[{"href":"https:\/\/mfi-ev.de\/en\/wp-json\/wp\/v2\/pages"}],"about":[{"href":"https:\/\/mfi-ev.de\/en\/wp-json\/wp\/v2\/types\/page"}],"author":[{"embeddable":true,"href":"https:\/\/mfi-ev.de\/en\/wp-json\/wp\/v2\/users\/1"}],"replies":[{"embeddable":true,"href":"https:\/\/mfi-ev.de\/en\/wp-json\/wp\/v2\/comments?post=36"}],"version-history":[{"count":127,"href":"https:\/\/mfi-ev.de\/en\/wp-json\/wp\/v2\/pages\/36\/revisions"}],"predecessor-version":[{"id":2061,"href":"https:\/\/mfi-ev.de\/en\/wp-json\/wp\/v2\/pages\/36\/revisions\/2061"}],"wp:attachment":[{"href":"https:\/\/mfi-ev.de\/en\/wp-json\/wp\/v2\/media?parent=36"}],"curies":[{"name":"wp","href":"https:\/\/api.w.org\/{rel}","templated":true}]}}