{"id":103,"date":"2022-09-28T20:18:06","date_gmt":"2022-09-28T20:18:06","guid":{"rendered":"https:\/\/mfi-ev.de\/?page_id=103"},"modified":"2025-04-18T08:55:53","modified_gmt":"2025-04-18T08:55:53","slug":"der-ausschuss","status":"publish","type":"page","link":"https:\/\/mfi-ev.de\/en\/der-ausschuss\/","title":{"rendered":"Der Vorstand"},"content":{"rendered":"<ul>\n<li><a href=\"#\"><br \/>\nDer Vorstand<br \/>\n<\/a><\/li>\n<\/ul>\n<style>\/*! elementor - v3.8.0 - 30-10-2022 *\/<br \/>\n.elementor-heading-title{padding:0;margin:0;line-height:1}.elementor-widget-heading .elementor-heading-title[class*=elementor-size-]>a{color:inherit;font-size:inherit;line-height:inherit}.elementor-widget-heading .elementor-heading-title.elementor-size-small{font-size:15px}.elementor-widget-heading .elementor-heading-title.elementor-size-medium{font-size:19px}.elementor-widget-heading .elementor-heading-title.elementor-size-large{font-size:29px}.elementor-widget-heading .elementor-heading-title.elementor-size-xl{font-size:39px}.elementor-widget-heading .elementor-heading-title.elementor-size-xxl{font-size:59px}<\/style>\n<h2>Vorstand:<\/h2>\n<style>\/*! elementor - v3.8.0 - 30-10-2022 *\/<br \/>\n.elementor-widget-image{text-align:center}.elementor-widget-image a{display:inline-block}.elementor-widget-image a img[src$=\".svg\"]{width:48px}.elementor-widget-image img{vertical-align:middle;display:inline-block}<\/style>\n<p>Pr\u00e4sident: Paul Cullen<br \/>\nE-Mail: chairman@mfi-ev.de<\/p>\n<p>Vizepr\u00e4sident: Andy Sinharay<br \/>\nE-Mail: vicechairman@mfi-ev.de<\/p>\n<p>Schriftf\u00fchrer: Mark Atkins<br \/>\nE-Mail: secretary@mfi-ev.de<\/p>\n<p>Schatzmeister: Colin White<br \/>\nE-Mail: treasurer@mfi-ev.de<\/p>\n<h2>Kontakt<\/h2>\n<ul>\n<li><b>Michael Faraday Institution e.V<\/b><\/li>\n<li>info@mfi-ev.de<\/li>\n<\/ul>\n<h2>Links<\/h2>\n<ul>\n<li><a href=\"https:\/\/mfi-ev.de\/kontakt\/\"><br \/>\nKontakt<br \/>\n<\/a><\/li>\n<li><a href=\"https:\/\/mfi-ev.de\/datenschutz\/\"><br \/>\nDatenschutz<br \/>\n<\/a><\/li>\n<li><a href=\"https:\/\/mfi-ev.de\/impressum\/\"><br \/>\nImpressum<br \/>\n<\/a><\/li>\n<\/ul>\n<h2>Michael Faraday Institution e.V. (MFI)<\/h2>\n<p><a role=\"button\" href=\"https:\/\/mfi-ev.de\/kontakt\"><br \/>\nKontakt<br \/>\n<\/a><\/p>\n<p>\u00a9 2025 Michael Faraday Institution e.V. (MFI). All rights reserved.<\/p>\n<p>Follow us<\/p>\n<style>\/*! elementor - v3.8.0 - 30-10-2022 *\/<br \/>\n.elementor-widget-social-icons.elementor-grid-0 .elementor-widget-container,.elementor-widget-social-icons.elementor-grid-mobile-0 .elementor-widget-container,.elementor-widget-social-icons.elementor-grid-tablet-0 .elementor-widget-container{line-height:1;font-size:0}.elementor-widget-social-icons:not(.elementor-grid-0):not(.elementor-grid-tablet-0):not(.elementor-grid-mobile-0) .elementor-grid{display:inline-grid}.elementor-widget-social-icons .elementor-grid{grid-column-gap:var(--grid-column-gap,5px);grid-row-gap:var(--grid-row-gap,5px);grid-template-columns:var(--grid-template-columns);-webkit-box-pack:var(--justify-content,center);-ms-flex-pack:var(--justify-content,center);justify-content:var(--justify-content,center);justify-items:var(--justify-content,center)}.elementor-icon.elementor-social-icon{font-size:var(--icon-size,25px);line-height:var(--icon-size,25px);width:calc(var(--icon-size, 25px) + (2 * var(--icon-padding, .5em)));height:calc(var(--icon-size, 25px) + (2 * var(--icon-padding, .5em)))}.elementor-social-icon{--e-social-icon-icon-color:#fff;display:-webkit-inline-box;display:-ms-inline-flexbox;display:inline-flex;background-color:#818a91;-webkit-box-align:center;-ms-flex-align:center;align-items:center;-webkit-box-pack:center;-ms-flex-pack:center;justify-content:center;text-align:center;cursor:pointer}.elementor-social-icon i{color:var(--e-social-icon-icon-color)}.elementor-social-icon svg{fill:var(--e-social-icon-icon-color)}.elementor-social-icon:last-child{margin:0}.elementor-social-icon:hover{opacity:.9;color:#fff}.elementor-social-icon-android{background-color:#a4c639}.elementor-social-icon-apple{background-color:#999}.elementor-social-icon-behance{background-color:#1769ff}.elementor-social-icon-bitbucket{background-color:#205081}.elementor-social-icon-codepen{background-color:#000}.elementor-social-icon-delicious{background-color:#39f}.elementor-social-icon-deviantart{background-color:#05cc47}.elementor-social-icon-digg{background-color:#005be2}.elementor-social-icon-dribbble{background-color:#ea4c89}.elementor-social-icon-elementor{background-color:#d30c5c}.elementor-social-icon-envelope{background-color:#ea4335}.elementor-social-icon-facebook,.elementor-social-icon-facebook-f{background-color:#3b5998}.elementor-social-icon-flickr{background-color:#0063dc}.elementor-social-icon-foursquare{background-color:#2d5be3}.elementor-social-icon-free-code-camp,.elementor-social-icon-freecodecamp{background-color:#006400}.elementor-social-icon-github{background-color:#333}.elementor-social-icon-gitlab{background-color:#e24329}.elementor-social-icon-globe{background-color:#818a91}.elementor-social-icon-google-plus,.elementor-social-icon-google-plus-g{background-color:#dd4b39}.elementor-social-icon-houzz{background-color:#7ac142}.elementor-social-icon-instagram{background-color:#262626}.elementor-social-icon-jsfiddle{background-color:#487aa2}.elementor-social-icon-link{background-color:#818a91}.elementor-social-icon-linkedin,.elementor-social-icon-linkedin-in{background-color:#0077b5}.elementor-social-icon-medium{background-color:#00ab6b}.elementor-social-icon-meetup{background-color:#ec1c40}.elementor-social-icon-mixcloud{background-color:#273a4b}.elementor-social-icon-odnoklassniki{background-color:#f4731c}.elementor-social-icon-pinterest{background-color:#bd081c}.elementor-social-icon-product-hunt{background-color:#da552f}.elementor-social-icon-reddit{background-color:#ff4500}.elementor-social-icon-rss{background-color:#f26522}.elementor-social-icon-shopping-cart{background-color:#4caf50}.elementor-social-icon-skype{background-color:#00aff0}.elementor-social-icon-slideshare{background-color:#0077b5}.elementor-social-icon-snapchat{background-color:#fffc00}.elementor-social-icon-soundcloud{background-color:#f80}.elementor-social-icon-spotify{background-color:#2ebd59}.elementor-social-icon-stack-overflow{background-color:#fe7a15}.elementor-social-icon-steam{background-color:#00adee}.elementor-social-icon-stumbleupon{background-color:#eb4924}.elementor-social-icon-telegram{background-color:#2ca5e0}.elementor-social-icon-thumb-tack{background-color:#1aa1d8}.elementor-social-icon-tripadvisor{background-color:#589442}.elementor-social-icon-tumblr{background-color:#35465c}.elementor-social-icon-twitch{background-color:#6441a5}.elementor-social-icon-twitter{background-color:#1da1f2}.elementor-social-icon-viber{background-color:#665cac}.elementor-social-icon-vimeo{background-color:#1ab7ea}.elementor-social-icon-vk{background-color:#45668e}.elementor-social-icon-weibo{background-color:#dd2430}.elementor-social-icon-weixin{background-color:#31a918}.elementor-social-icon-whatsapp{background-color:#25d366}.elementor-social-icon-wordpress{background-color:#21759b}.elementor-social-icon-xing{background-color:#026466}.elementor-social-icon-yelp{background-color:#af0606}.elementor-social-icon-youtube{background-color:#cd201f}.elementor-social-icon-500px{background-color:#0099e5}.elementor-shape-rounded .elementor-icon.elementor-social-icon{border-radius:10%}.elementor-shape-circle .elementor-icon.elementor-social-icon{border-radius:50%}<\/style>\n<p><a href=\"https:\/\/www.linkedin.com\/company\/michael-faraday-institution-e-v\/\" target=\"_blank\" rel=\"noopener\"><br \/>\nLinkedin-in<br \/>\n<\/a><\/p>\n<ul>\n<li><a href=\"https:\/\/mfi-ev.de\/datenschutz\/\"><br \/>\nDatenschutz<br \/>\n<\/a><\/li>\n<li><a href=\"https:\/\/mfi-ev.de\/impressum\/\"><br \/>\nImpressum<br \/>\n<\/a><\/li>\n<li><a href=\"https:\/\/mfi-ev.de\/kontakt\/\"><br \/>\nKontakt<br \/>\n<\/a><\/li>\n<\/ul>\n","protected":false},"excerpt":{"rendered":"<p>Der Vorstand Vorstand: Pr\u00e4sident: Paul Cullen E-Mail: chairman@mfi-ev.de Vizepr\u00e4sident: Andy Sinharay E-Mail: vicechairman@mfi-ev.de Schriftf\u00fchrer: Mark Atkins E-Mail: secretary@mfi-ev.de Schatzmeister: Colin White E-Mail: treasurer@mfi-ev.de Kontakt Michael Faraday Institution e.V info@mfi-ev.de Links Kontakt Datenschutz Impressum Michael Faraday Institution e.V. (MFI) Kontakt \u00a9 2025 Michael Faraday Institution e.V. (MFI). All rights reserved. Follow us Linkedin-in Datenschutz Impressum Kontakt<\/p>","protected":false},"author":1,"featured_media":0,"parent":0,"menu_order":0,"comment_status":"closed","ping_status":"closed","template":"","meta":{"footnotes":""},"class_list":["post-103","page","type-page","status-publish","hentry","post"],"_links":{"self":[{"href":"https:\/\/mfi-ev.de\/en\/wp-json\/wp\/v2\/pages\/103","targetHints":{"allow":["GET"]}}],"collection":[{"href":"https:\/\/mfi-ev.de\/en\/wp-json\/wp\/v2\/pages"}],"about":[{"href":"https:\/\/mfi-ev.de\/en\/wp-json\/wp\/v2\/types\/page"}],"author":[{"embeddable":true,"href":"https:\/\/mfi-ev.de\/en\/wp-json\/wp\/v2\/users\/1"}],"replies":[{"embeddable":true,"href":"https:\/\/mfi-ev.de\/en\/wp-json\/wp\/v2\/comments?post=103"}],"version-history":[{"count":74,"href":"https:\/\/mfi-ev.de\/en\/wp-json\/wp\/v2\/pages\/103\/revisions"}],"predecessor-version":[{"id":2071,"href":"https:\/\/mfi-ev.de\/en\/wp-json\/wp\/v2\/pages\/103\/revisions\/2071"}],"wp:attachment":[{"href":"https:\/\/mfi-ev.de\/en\/wp-json\/wp\/v2\/media?parent=103"}],"curies":[{"name":"wp","href":"https:\/\/api.w.org\/{rel}","templated":true}]}}